{"id":3661,"date":"2022-04-27T09:14:10","date_gmt":"2022-04-27T09:14:10","guid":{"rendered":"https:\/\/www.pbs-a.com\/?page_id=3661"},"modified":"2023-07-17T15:40:58","modified_gmt":"2023-07-17T15:40:58","slug":"conocenos","status":"publish","type":"page","link":"https:\/\/www.pbs-a.com\/en\/conocenos\/","title":{"rendered":"Con\u00f3cenos"},"content":{"rendered":"<div data-elementor-type=\"wp-page\" data-elementor-id=\"3661\" class=\"elementor elementor-3661\">\n\t\t\t\t\t\t<section class=\"elementor-section elementor-top-section elementor-element elementor-element-51e73b22 elementor-section-full_width elementor-section-stretched elementor-section-height-default elementor-section-height-default\" data-id=\"51e73b22\" data-element_type=\"section\" data-settings=\"{&quot;stretch_section&quot;:&quot;section-stretched&quot;,&quot;background_background&quot;:&quot;classic&quot;}\">\n\t\t\t\t\t\t<div class=\"elementor-container elementor-column-gap-default\">\n\t\t\t\t\t<div class=\"elementor-column elementor-col-100 elementor-top-column elementor-element elementor-element-74b9375\" data-id=\"74b9375\" data-element_type=\"column\">\n\t\t\t<div class=\"elementor-widget-wrap elementor-element-populated\">\n\t\t\t\t\t\t<div class=\"elementor-element elementor-element-eb95bc5 elementor-invisible elementor-widget elementor-widget-heading\" data-id=\"eb95bc5\" data-element_type=\"widget\" data-settings=\"{&quot;_animation&quot;:&quot;fadeInDown&quot;}\" data-widget_type=\"heading.default\">\n\t\t\t\t<div class=\"elementor-widget-container\">\n\t\t\t<h2 class=\"elementor-heading-title elementor-size-default\">About us<\/h2>\t\t<\/div>\n\t\t\t\t<\/div>\n\t\t\t\t<div class=\"elementor-element elementor-element-5b815ab5 elementor-invisible elementor-widget elementor-widget-text-editor\" data-id=\"5b815ab5\" data-element_type=\"widget\" data-settings=\"{&quot;_animation&quot;:&quot;fadeInDown&quot;}\" data-widget_type=\"text-editor.default\">\n\t\t\t\t<div class=\"elementor-widget-container\">\n\t\t\t\t\t\t\t<p style=\"text-align: center;\"><span style=\"color: #15bd17;\"><strong>PBS-A system chronology: Milestones and objectives achieved<\/strong><\/span><\/p><p style=\"text-align: left;\"><strong>PBS-A Labs is a company founded in Bilbao in 2019<\/strong>, with a strong potential for development. At first it came from a division founded in Gestima Solar. It was based only on an initial idea, and over the years it has become an independent project of that company.<\/p><p>The PBS-A started developing its own system in 2016. In November 2015, a company vehicle was immobilized due to a battery failure in the operating battery. It caused the electronics of the vehicle to stop working properly (ABS warning, injection failure, unresponsive electrical direction, etc.), so driving was very dangerous. As a result, the breakdown occurred at a motorway exit, allowing parking and technical assistance. The crane took more than two hours to deal with the breakdown, as it usually happens, it occurred at the worst time.<\/p><p>From there came the idea of creating a battery immune to common defects and failures, which would always make it possible to reach its destination, regardless of its condition: charge, partially unloaded, or even up to 0 volts. To this end, an intelligent management, control and energy transfer system (not a battery) was created. In the worst case scenario, with the battery at 0 volts, we'll have three days of extra used (based on the Run-Flat ideology of tyres).\u00a0<\/p><p>Subsequent developments created the first batteries with the PBS-A system, hybridizing a conventional battery with the system. Although the PBS-A by itself is capable of performing the proper functions of a battery system, it achieves significant improvements combined with another energy source<\/p>\t\t\t\t\t\t<\/div>\n\t\t\t\t<\/div>\n\t\t\t\t<div class=\"elementor-element elementor-element-4f1e5c0 elementor-invisible elementor-widget elementor-widget-text-editor\" data-id=\"4f1e5c0\" data-element_type=\"widget\" data-settings=\"{&quot;_animation&quot;:&quot;fadeIn&quot;}\" data-widget_type=\"text-editor.default\">\n\t\t\t\t<div class=\"elementor-widget-container\">\n\t\t\t\t\t\t\t<p>* Gestima Solar is the company that creates the PBS-A project. Founded in 2012, it comes from an earlier company dedicated for more than 20 years to renewable energies, hence its experience in electricity, electronics and power electronics, as well as other energy systems. Gestima Solar is an oficial repair service  for  inverters and transformers  specializing in the development of other electronic control, automation and management systems.<\/p>\t\t\t\t\t\t<\/div>\n\t\t\t\t<\/div>\n\t\t\t\t<div class=\"elementor-element elementor-element-0394c7b animated-fast elementor-invisible elementor-widget elementor-widget-video\" data-id=\"0394c7b\" data-element_type=\"widget\" data-settings=\"{&quot;youtube_url&quot;:&quot;https:\\\/\\\/youtu.be\\\/cp1FLaXk6aI&quot;,&quot;_animation&quot;:&quot;fadeIn&quot;,&quot;_animation_delay&quot;:500,&quot;video_type&quot;:&quot;youtube&quot;,&quot;controls&quot;:&quot;yes&quot;}\" data-widget_type=\"video.default\">\n\t\t\t\t<div class=\"elementor-widget-container\">\n\t\t\t\t\t<div class=\"elementor-wrapper elementor-open-inline\">\n\t\t\t<div class=\"elementor-video\"><\/div>\t\t<\/div>\n\t\t\t\t<\/div>\n\t\t\t\t<\/div>\n\t\t\t\t\t<\/div>\n\t\t<\/div>\n\t\t\t\t\t<\/div>\n\t\t<\/section>\n\t\t\t\t<section class=\"elementor-section elementor-top-section elementor-element elementor-element-5555988 elementor-section-full_width elementor-section-stretched elementor-section-height-default elementor-section-height-default elementor-invisible\" data-id=\"5555988\" data-element_type=\"section\" data-settings=\"{&quot;stretch_section&quot;:&quot;section-stretched&quot;,&quot;animation&quot;:&quot;fadeInDown&quot;}\">\n\t\t\t\t\t\t<div class=\"elementor-container elementor-column-gap-default\">\n\t\t\t\t\t<div class=\"elementor-column elementor-col-100 elementor-top-column elementor-element elementor-element-f6bfa22\" data-id=\"f6bfa22\" data-element_type=\"column\">\n\t\t\t<div class=\"elementor-widget-wrap elementor-element-populated\">\n\t\t\t\t\t\t<div class=\"elementor-element elementor-element-a69672b elementor-widget elementor-widget-heading\" data-id=\"a69672b\" data-element_type=\"widget\" data-widget_type=\"heading.default\">\n\t\t\t\t<div class=\"elementor-widget-container\">\n\t\t\t<h2 class=\"elementor-heading-title elementor-size-default\">Team<\/h2>\t\t<\/div>\n\t\t\t\t<\/div>\n\t\t\t\t<div class=\"elementor-element elementor-element-a38eca8 elementor-widget elementor-widget-text-editor\" data-id=\"a38eca8\" data-element_type=\"widget\" data-widget_type=\"text-editor.default\">\n\t\t\t\t<div class=\"elementor-widget-container\">\n\t\t\t\t\t\t\t<p class=\"MsoListParagraphCxSpFirst\" style=\"margin-left: 20.25pt; mso-add-space: auto;\">PBS-A Labs S.L. consists of a proactive team of industrial, electronic and computer engineers responsible for developing the system and improving its functionalities. In order to achieve more growth in the short term, PBS-A Labs continuously innovates its technology and provides its members with continuous training in an optimal working environment.<\/p>\t\t\t\t\t\t<\/div>\n\t\t\t\t<\/div>\n\t\t\t\t<div class=\"elementor-element elementor-element-61c1c1b elementor-widget elementor-widget-image-carousel\" data-id=\"61c1c1b\" data-element_type=\"widget\" data-settings=\"{&quot;slides_to_show&quot;:&quot;1&quot;,&quot;navigation&quot;:&quot;none&quot;,&quot;effect&quot;:&quot;fade&quot;,&quot;autoplay_speed&quot;:3000,&quot;speed&quot;:1000,&quot;autoplay&quot;:&quot;yes&quot;,&quot;pause_on_hover&quot;:&quot;yes&quot;,&quot;pause_on_interaction&quot;:&quot;yes&quot;,&quot;infinite&quot;:&quot;yes&quot;}\" data-widget_type=\"image-carousel.default\">\n\t\t\t\t<div class=\"elementor-widget-container\">\n\t\t\t\t\t<div class=\"elementor-image-carousel-wrapper swiper\" dir=\"ltr\">\n\t\t\t<div class=\"elementor-image-carousel swiper-wrapper\" aria-live=\"off\">\n\t\t\t\t\t\t\t\t<div class=\"swiper-slide\" role=\"group\" aria-roledescription=\"slide\" aria-label=\"1 of 8\"><figure class=\"swiper-slide-inner\"><img decoding=\"async\" class=\"swiper-slide-image\" src=\"https:\/\/www.pbs-a.com\/wp-content\/uploads\/elementor\/thumbs\/mercedes6-prlnxcl8kzas706pe6vl5c0xhxsdgdiqjx6tx0q5ts.png\" alt=\"Veh\u00edculo con interfaz\" \/><figcaption class=\"elementor-image-carousel-caption\">PBS-A interface and vehicle<\/figcaption><\/figure><\/div><div class=\"swiper-slide\" role=\"group\" aria-roledescription=\"slide\" aria-label=\"2 of 8\"><figure class=\"swiper-slide-inner\"><img decoding=\"async\" class=\"swiper-slide-image\" src=\"https:\/\/www.pbs-a.com\/wp-content\/uploads\/elementor\/thumbs\/mercedes5-scaled-prlnx44ovgz7aiizrl7y0w5s5gy2j3l5irbglj2pds.jpg\" alt=\"Veh\u00edculo con dispositivo PBS-A\" \/><figcaption class=\"elementor-image-carousel-caption\">PBS-A device installed in a car<\/figcaption><\/figure><\/div><div class=\"swiper-slide\" role=\"group\" aria-roledescription=\"slide\" aria-label=\"3 of 8\"><figure class=\"swiper-slide-inner\"><img decoding=\"async\" class=\"swiper-slide-image\" src=\"https:\/\/www.pbs-a.com\/wp-content\/uploads\/elementor\/thumbs\/prius15-prlnxj63wtjsg9x5brpz4sd5nmvxy98uwtr89ygem8.jpg\" alt=\"Dispositivo PBS-A\" \/><figcaption class=\"elementor-image-carousel-caption\">PBS-A device<\/figcaption><\/figure><\/div><div class=\"swiper-slide\" role=\"group\" aria-roledescription=\"slide\" aria-label=\"4 of 8\"><figure class=\"swiper-slide-inner\"><img decoding=\"async\" class=\"swiper-slide-image\" src=\"https:\/\/www.pbs-a.com\/wp-content\/uploads\/elementor\/thumbs\/ig2-scaled-prlnwq140yfwgd3h1x4jhhpv8ovkbn16gtj6ednlz4.jpg\" alt=\"Moto el\u00e9ctrica\" \/><figcaption class=\"elementor-image-carousel-caption\">Electric motorbike<\/figcaption><\/figure><\/div><div class=\"swiper-slide\" role=\"group\" aria-roledescription=\"slide\" aria-label=\"5 of 8\"><figure class=\"swiper-slide-inner\"><img decoding=\"async\" class=\"swiper-slide-image\" src=\"https:\/\/www.pbs-a.com\/wp-content\/uploads\/elementor\/thumbs\/pt4-scaled-prlnxnvauzq82bqbkbr3z96gmk8s0qrilh0noc9fr4.jpg\" alt=\"Moto el\u00e9ctrica\" \/><figcaption class=\"elementor-image-carousel-caption\">Electric motorbike<\/figcaption><\/figure><\/div><div class=\"swiper-slide\" role=\"group\" aria-roledescription=\"slide\" aria-label=\"6 of 8\"><figure class=\"swiper-slide-inner\"><img decoding=\"async\" class=\"swiper-slide-image\" src=\"https:\/\/www.pbs-a.com\/wp-content\/uploads\/elementor\/thumbs\/bilbao-prlnwjg8p46w73d14ca5i1dn2zrztrb23wys1fxd6o.jpg\" alt=\"Pruebas en moto el\u00e9ctrica\" \/><figcaption class=\"elementor-image-carousel-caption\">Pruebas en moto el\u00e9ctrica<\/figcaption><\/figure><\/div><div class=\"swiper-slide\" role=\"group\" aria-roledescription=\"slide\" aria-label=\"7 of 8\"><figure class=\"swiper-slide-inner\"><img decoding=\"async\" class=\"swiper-slide-image\" src=\"https:\/\/www.pbs-a.com\/wp-content\/uploads\/elementor\/thumbs\/IMG-20220420-WA0000-1-prlobpkgzuyhkjbrjece8pkg7v091wj3uzzvv7fmrk.jpg\" alt=\"Banco de pruebas\" \/><figcaption class=\"elementor-image-carousel-caption\">Bench testing<\/figcaption><\/figure><\/div><div class=\"swiper-slide\" role=\"group\" aria-roledescription=\"slide\" aria-label=\"8 of 8\"><figure class=\"swiper-slide-inner\"><img decoding=\"async\" class=\"swiper-slide-image\" src=\"https:\/\/www.pbs-a.com\/wp-content\/uploads\/elementor\/thumbs\/IMG-20220401-WA0014-MODIF-ps9v7fuv0d42nn6tgctt67kjxabhq6q5nnnlspwt1c.jpg\" alt=\"Banco de pruebas\" \/><figcaption class=\"elementor-image-carousel-caption\">Bench testing<\/figcaption><\/figure><\/div>\t\t\t<\/div>\n\t\t\t\t\t\t\t\n\t\t\t\t\t\t\t\t\t<\/div>\n\t\t\t\t<\/div>\n\t\t\t\t<\/div>\n\t\t\t\t\t<\/div>\n\t\t<\/div>\n\t\t\t\t\t<\/div>\n\t\t<\/section>\n\t\t\t\t<section class=\"elementor-section elementor-top-section elementor-element elementor-element-8f328d5 elementor-section-full_width elementor-section-stretched elementor-hidden-tablet elementor-hidden-mobile elementor-section-height-default elementor-section-height-default\" data-id=\"8f328d5\" data-element_type=\"section\" data-settings=\"{&quot;stretch_section&quot;:&quot;section-stretched&quot;,&quot;background_background&quot;:&quot;classic&quot;}\">\n\t\t\t\t\t\t<div class=\"elementor-container elementor-column-gap-default\">\n\t\t\t\t\t<div class=\"elementor-column elementor-col-33 elementor-top-column elementor-element elementor-element-ed27233\" data-id=\"ed27233\" data-element_type=\"column\">\n\t\t\t<div class=\"elementor-widget-wrap elementor-element-populated\">\n\t\t\t\t\t\t<div class=\"elementor-element elementor-element-e1bae50 elementor-position-top elementor-widget elementor-widget-image-box\" data-id=\"e1bae50\" data-element_type=\"widget\" data-widget_type=\"image-box.default\">\n\t\t\t\t<div class=\"elementor-widget-container\">\n\t\t\t<div class=\"elementor-image-box-wrapper\"><figure class=\"elementor-image-box-img\"><img decoding=\"async\" width=\"228\" height=\"110\" src=\"https:\/\/www.pbs-a.com\/wp-content\/uploads\/2022\/03\/logo-pbsa-negro.png\" class=\"attachment-large size-large wp-image-2432\" alt=\"\" \/><\/figure><div class=\"elementor-image-box-content\"><p class=\"elementor-image-box-description\">2023 PBS-A Labs \u00a9<\/p><\/div><\/div>\t\t<\/div>\n\t\t\t\t<\/div>\n\t\t\t\t\t<\/div>\n\t\t<\/div>\n\t\t\t\t<div class=\"elementor-column elementor-col-33 elementor-top-column elementor-element elementor-element-23928c5\" data-id=\"23928c5\" data-element_type=\"column\">\n\t\t\t<div class=\"elementor-widget-wrap elementor-element-populated\">\n\t\t\t\t\t\t<div class=\"elementor-element elementor-element-b47c7ee elementor-list-item-link-inline elementor-align-center elementor-icon-list--layout-inline elementor-widget elementor-widget-icon-list\" data-id=\"b47c7ee\" data-element_type=\"widget\" data-widget_type=\"icon-list.default\">\n\t\t\t\t<div class=\"elementor-widget-container\">\n\t\t\t\t\t<ul class=\"elementor-icon-list-items elementor-inline-items\">\n\t\t\t\t\t\t\t<li class=\"elementor-icon-list-item elementor-inline-item\">\n\t\t\t\t\t\t\t\t\t\t\t<a href=\"https:\/\/www.pbs-a.com\/en\/es\/aviso-legal\/\">\n\n\t\t\t\t\t\t\t\t\t\t\t\t<span class=\"elementor-icon-list-icon\">\n\t\t\t\t\t\t\t<i aria-hidden=\"true\" class=\"fas fa-balance-scale\"><\/i>\t\t\t\t\t\t<\/span>\n\t\t\t\t\t\t\t\t\t\t<span class=\"elementor-icon-list-text\">Legal warning<\/span>\n\t\t\t\t\t\t\t\t\t\t\t<\/a>\n\t\t\t\t\t\t\t\t\t<\/li>\n\t\t\t\t\t\t\t\t<li class=\"elementor-icon-list-item elementor-inline-item\">\n\t\t\t\t\t\t\t\t\t\t\t<a href=\"https:\/\/www.pbs-a.com\/en\/es\/proteccion-de-datos\/\">\n\n\t\t\t\t\t\t\t\t\t\t\t\t<span class=\"elementor-icon-list-icon\">\n\t\t\t\t\t\t\t<i aria-hidden=\"true\" class=\"fas fa-user-secret\"><\/i>\t\t\t\t\t\t<\/span>\n\t\t\t\t\t\t\t\t\t\t<span class=\"elementor-icon-list-text\">Data protection<\/span>\n\t\t\t\t\t\t\t\t\t\t\t<\/a>\n\t\t\t\t\t\t\t\t\t<\/li>\n\t\t\t\t\t\t\t\t<li class=\"elementor-icon-list-item elementor-inline-item\">\n\t\t\t\t\t\t\t\t\t\t\t<a href=\"https:\/\/www.pbs-a.com\/en\/es\/cookies\/\">\n\n\t\t\t\t\t\t\t\t\t\t\t\t<span class=\"elementor-icon-list-icon\">\n\t\t\t\t\t\t\t<i aria-hidden=\"true\" class=\"fas fa-file-signature\"><\/i>\t\t\t\t\t\t<\/span>\n\t\t\t\t\t\t\t\t\t\t<span class=\"elementor-icon-list-text\">Cookies policy<\/span>\n\t\t\t\t\t\t\t\t\t\t\t<\/a>\n\t\t\t\t\t\t\t\t\t<\/li>\n\t\t\t\t\t\t\t\t<li class=\"elementor-icon-list-item elementor-inline-item\">\n\t\t\t\t\t\t\t\t\t\t\t<a href=\"https:\/\/www.pbs-a.com\/en\/es\/autoria-y-derechos-de-contenido\/\">\n\n\t\t\t\t\t\t\t\t\t\t\t\t<span class=\"elementor-icon-list-icon\">\n\t\t\t\t\t\t\t<i aria-hidden=\"true\" class=\"fas fa-closed-captioning\"><\/i>\t\t\t\t\t\t<\/span>\n\t\t\t\t\t\t\t\t\t\t<span class=\"elementor-icon-list-text\">Content rights<\/span>\n\t\t\t\t\t\t\t\t\t\t\t<\/a>\n\t\t\t\t\t\t\t\t\t<\/li>\n\t\t\t\t\t\t<\/ul>\n\t\t\t\t<\/div>\n\t\t\t\t<\/div>\n\t\t\t\t\t<\/div>\n\t\t<\/div>\n\t\t\t\t<div class=\"elementor-column elementor-col-33 elementor-top-column elementor-element elementor-element-8e4bd63\" data-id=\"8e4bd63\" data-element_type=\"column\">\n\t\t\t<div class=\"elementor-widget-wrap elementor-element-populated\">\n\t\t\t\t\t\t<div class=\"elementor-element elementor-element-a6cb2f3 elementor-widget elementor-widget-text-editor\" data-id=\"a6cb2f3\" data-element_type=\"widget\" data-widget_type=\"text-editor.default\">\n\t\t\t\t<div class=\"elementor-widget-container\">\n\t\t\t\t\t\t\t<p>Hybridization of energy systems<\/p>\t\t\t\t\t\t<\/div>\n\t\t\t\t<\/div>\n\t\t\t\t\t<\/div>\n\t\t<\/div>\n\t\t\t\t\t<\/div>\n\t\t<\/section>\n\t\t\t\t<section class=\"elementor-section elementor-top-section elementor-element elementor-element-a2fd08b elementor-section-full_width elementor-section-stretched elementor-hidden-desktop elementor-section-height-default elementor-section-height-default\" data-id=\"a2fd08b\" data-element_type=\"section\" data-settings=\"{&quot;stretch_section&quot;:&quot;section-stretched&quot;,&quot;background_background&quot;:&quot;classic&quot;}\">\n\t\t\t\t\t\t<div class=\"elementor-container elementor-column-gap-default\">\n\t\t\t\t\t<div class=\"elementor-column elementor-col-33 elementor-top-column elementor-element elementor-element-b464601\" data-id=\"b464601\" data-element_type=\"column\">\n\t\t\t<div class=\"elementor-widget-wrap elementor-element-populated\">\n\t\t\t\t\t\t<div class=\"elementor-element elementor-element-4e0716b elementor-position-top elementor-widget elementor-widget-image-box\" data-id=\"4e0716b\" data-element_type=\"widget\" data-widget_type=\"image-box.default\">\n\t\t\t\t<div class=\"elementor-widget-container\">\n\t\t\t<div class=\"elementor-image-box-wrapper\"><figure class=\"elementor-image-box-img\"><img decoding=\"async\" width=\"228\" height=\"110\" src=\"https:\/\/www.pbs-a.com\/wp-content\/uploads\/2022\/03\/logo-pbsa-negro.png\" class=\"attachment-large size-large wp-image-2432\" alt=\"\" \/><\/figure><div class=\"elementor-image-box-content\"><p class=\"elementor-image-box-description\">2023 PBS-A Labs \u00a9<\/p><\/div><\/div>\t\t<\/div>\n\t\t\t\t<\/div>\n\t\t\t\t\t<\/div>\n\t\t<\/div>\n\t\t\t\t<div class=\"elementor-column elementor-col-33 elementor-top-column elementor-element elementor-element-4392d17\" data-id=\"4392d17\" data-element_type=\"column\">\n\t\t\t<div class=\"elementor-widget-wrap elementor-element-populated\">\n\t\t\t\t\t\t<div class=\"elementor-element elementor-element-4be1f28 elementor-list-item-link-inline elementor-align-center elementor-icon-list--layout-traditional elementor-widget elementor-widget-icon-list\" data-id=\"4be1f28\" data-element_type=\"widget\" data-widget_type=\"icon-list.default\">\n\t\t\t\t<div class=\"elementor-widget-container\">\n\t\t\t\t\t<ul class=\"elementor-icon-list-items\">\n\t\t\t\t\t\t\t<li class=\"elementor-icon-list-item\">\n\t\t\t\t\t\t\t\t\t\t\t<a href=\"https:\/\/www.pbs-a.com\/en\/es\/aviso-legal\/\">\n\n\t\t\t\t\t\t\t\t\t\t\t\t<span class=\"elementor-icon-list-icon\">\n\t\t\t\t\t\t\t<i aria-hidden=\"true\" class=\"fas fa-balance-scale\"><\/i>\t\t\t\t\t\t<\/span>\n\t\t\t\t\t\t\t\t\t\t<span class=\"elementor-icon-list-text\">Legal warning<\/span>\n\t\t\t\t\t\t\t\t\t\t\t<\/a>\n\t\t\t\t\t\t\t\t\t<\/li>\n\t\t\t\t\t\t\t\t<li class=\"elementor-icon-list-item\">\n\t\t\t\t\t\t\t\t\t\t\t<a href=\"https:\/\/www.pbs-a.com\/en\/es\/proteccion-de-datos\/\">\n\n\t\t\t\t\t\t\t\t\t\t\t\t<span class=\"elementor-icon-list-icon\">\n\t\t\t\t\t\t\t<i aria-hidden=\"true\" class=\"fas fa-user-secret\"><\/i>\t\t\t\t\t\t<\/span>\n\t\t\t\t\t\t\t\t\t\t<span class=\"elementor-icon-list-text\">Data protection<\/span>\n\t\t\t\t\t\t\t\t\t\t\t<\/a>\n\t\t\t\t\t\t\t\t\t<\/li>\n\t\t\t\t\t\t\t\t<li class=\"elementor-icon-list-item\">\n\t\t\t\t\t\t\t\t\t\t\t<a href=\"https:\/\/www.pbs-a.com\/en\/es\/cookies\/\">\n\n\t\t\t\t\t\t\t\t\t\t\t\t<span class=\"elementor-icon-list-icon\">\n\t\t\t\t\t\t\t<i aria-hidden=\"true\" class=\"fas fa-file-signature\"><\/i>\t\t\t\t\t\t<\/span>\n\t\t\t\t\t\t\t\t\t\t<span class=\"elementor-icon-list-text\">Cookies policy<\/span>\n\t\t\t\t\t\t\t\t\t\t\t<\/a>\n\t\t\t\t\t\t\t\t\t<\/li>\n\t\t\t\t\t\t\t\t<li class=\"elementor-icon-list-item\">\n\t\t\t\t\t\t\t\t\t\t\t<a href=\"https:\/\/www.pbs-a.com\/en\/es\/autoria-y-derechos-de-contenido\/\">\n\n\t\t\t\t\t\t\t\t\t\t\t\t<span class=\"elementor-icon-list-icon\">\n\t\t\t\t\t\t\t<i aria-hidden=\"true\" class=\"fas fa-closed-captioning\"><\/i>\t\t\t\t\t\t<\/span>\n\t\t\t\t\t\t\t\t\t\t<span class=\"elementor-icon-list-text\">Content rights<\/span>\n\t\t\t\t\t\t\t\t\t\t\t<\/a>\n\t\t\t\t\t\t\t\t\t<\/li>\n\t\t\t\t\t\t<\/ul>\n\t\t\t\t<\/div>\n\t\t\t\t<\/div>\n\t\t\t\t\t<\/div>\n\t\t<\/div>\n\t\t\t\t<div class=\"elementor-column elementor-col-33 elementor-top-column elementor-element elementor-element-f76c05f\" data-id=\"f76c05f\" data-element_type=\"column\">\n\t\t\t<div class=\"elementor-widget-wrap elementor-element-populated\">\n\t\t\t\t\t\t<div class=\"elementor-element elementor-element-8380fa7 elementor-widget elementor-widget-text-editor\" data-id=\"8380fa7\" data-element_type=\"widget\" data-widget_type=\"text-editor.default\">\n\t\t\t\t<div class=\"elementor-widget-container\">\n\t\t\t\t\t\t\t<p>Hybridization of energy systems<\/p>\t\t\t\t\t\t<\/div>\n\t\t\t\t<\/div>\n\t\t\t\t\t<\/div>\n\t\t<\/div>\n\t\t\t\t\t<\/div>\n\t\t<\/section>\n\t\t\t\t<\/div>","protected":false},"excerpt":{"rendered":"<p>Sobre nosotros Cronolog\u00eda del sistema PBS-A: hitos y objetivos alcanzados PBS-A Labs es una empresa creada en 2019 en Bilbao, zona con grandes posibilidades de desarrollo. Al comienzo, proven\u00eda de una divisi\u00f3n creada en Gestima Solar*. S\u00f3lo se basaba en una idea inicial, que con los a\u00f1os se ha transformado en un proyecto independiente de esta empresa. PBS-A empieza a desarrollar su sistema en 2016. En noviembre de 2015, un veh\u00edculo de la empresa qued\u00f3 inmovilizado por un fallo s\u00fabito [&hellip;]<\/p>","protected":false},"author":1,"featured_media":0,"parent":0,"menu_order":9,"comment_status":"closed","ping_status":"closed","template":"elementor_theme","meta":{"_monsterinsights_skip_tracking":false,"_monsterinsights_sitenote_active":false,"_monsterinsights_sitenote_note":"","_monsterinsights_sitenote_category":0,"footnotes":""},"class_list":["post-3661","page","type-page","status-publish","hentry"],"aioseo_notices":[],"_links":{"self":[{"href":"https:\/\/www.pbs-a.com\/en\/wp-json\/wp\/v2\/pages\/3661"}],"collection":[{"href":"https:\/\/www.pbs-a.com\/en\/wp-json\/wp\/v2\/pages"}],"about":[{"href":"https:\/\/www.pbs-a.com\/en\/wp-json\/wp\/v2\/types\/page"}],"author":[{"embeddable":true,"href":"https:\/\/www.pbs-a.com\/en\/wp-json\/wp\/v2\/users\/1"}],"replies":[{"embeddable":true,"href":"https:\/\/www.pbs-a.com\/en\/wp-json\/wp\/v2\/comments?post=3661"}],"version-history":[{"count":129,"href":"https:\/\/www.pbs-a.com\/en\/wp-json\/wp\/v2\/pages\/3661\/revisions"}],"predecessor-version":[{"id":5281,"href":"https:\/\/www.pbs-a.com\/en\/wp-json\/wp\/v2\/pages\/3661\/revisions\/5281"}],"wp:attachment":[{"href":"https:\/\/www.pbs-a.com\/en\/wp-json\/wp\/v2\/media?parent=3661"}],"curies":[{"name":"wp","href":"https:\/\/api.w.org\/{rel}","templated":true}]}}